{"id":30,"date":"2017-02-01T21:52:30","date_gmt":"2017-02-01T21:52:30","guid":{"rendered":"http:\/\/tc-aquaman.de\/?page_id=30"},"modified":"2022-04-02T09:50:48","modified_gmt":"2022-04-02T09:50:48","slug":"tauchen-lernen","status":"publish","type":"page","link":"http:\/\/tc-aquaman.de\/?page_id=30","title":{"rendered":"Tauchen lernen &#8211; Fachbereich Ausbildung"},"content":{"rendered":"\t\t<div data-elementor-type=\"wp-page\" data-elementor-id=\"30\" class=\"elementor elementor-30\">\n\t\t\t\t\t\t<section class=\"elementor-section elementor-top-section elementor-element elementor-element-4ca98072 elementor-section-boxed elementor-section-height-default elementor-section-height-default\" data-id=\"4ca98072\" data-element_type=\"section\" data-e-type=\"section\">\n\t\t\t\t\t\t<div class=\"elementor-container elementor-column-gap-default\">\n\t\t\t\t\t<div class=\"elementor-column elementor-col-100 elementor-top-column elementor-element elementor-element-4e6741cb\" data-id=\"4e6741cb\" data-element_type=\"column\" data-e-type=\"column\">\n\t\t\t<div class=\"elementor-widget-wrap elementor-element-populated\">\n\t\t\t\t\t\t<div class=\"elementor-element elementor-element-7d7d54b elementor-widget elementor-widget-spacer\" data-id=\"7d7d54b\" data-element_type=\"widget\" data-e-type=\"widget\" data-widget_type=\"spacer.default\">\n\t\t\t\t<div class=\"elementor-widget-container\">\n\t\t\t\t\t\t\t<div class=\"elementor-spacer\">\n\t\t\t<div class=\"elementor-spacer-inner\"><\/div>\n\t\t<\/div>\n\t\t\t\t\t\t<\/div>\n\t\t\t\t<\/div>\n\t\t\t\t<div class=\"elementor-element elementor-element-bf5763f elementor-widget elementor-widget-text-editor\" data-id=\"bf5763f\" data-element_type=\"widget\" data-e-type=\"widget\" data-widget_type=\"text-editor.default\">\n\t\t\t\t<div class=\"elementor-widget-container\">\n\t\t\t\t\t\t\t\t\t<p><!-- meta slider --><\/p><p><!--\/\/ meta slider--><\/p><h3><strong><span style=\"font-family: Arial,sans-serif;\"><span style=\"font-size: medium;\">Wie lerne ich tauchen?<\/span><\/span><\/strong><\/h3><h3><span style=\"font-family: Arial,sans-serif;\"><span style=\"font-size: medium;\">Unser Tauchsportclub Aquaman Ford Saarlouis e.V. ist ein guter Ausgangspunkt f\u00fcr eine gr\u00fcndliche und sichere Ausbildung im Tauchen.<\/span><\/span> <span style=\"font-family: Arial,sans-serif;\"><span style=\"font-size: medium;\">In unserem Verein, der auch Mitglied im Verband Deutscher Sporttaucher (VDST), einer der gro\u00dfen Tauchsportorganisationen in Deutschland ist, wird nach den weltweit anerkannten Richtlinien zum Sporttaucher ausgebildet.<\/span><\/span><\/h3><h3><span style=\"font-family: Arial,sans-serif;\"><span style=\"font-size: medium;\"><strong>Der Einstieg zum Sporttauchen beginnt mit dem Grundtauchschein.<\/strong> <\/span><\/span><\/h3><h3><span style=\"font-family: Arial,sans-serif;\"><span style=\"font-size: medium;\">Zur Erlangung dieses Tauchbrevets sollte der Teilnehmer mindestens 12 Jahre alt sein und eine ausreichende sportliche Kondition haben. Nat\u00fcrlich muss man auch schwimmen k\u00f6nnen. M\u00f6chte man erst mal herausfinden, ob das Tauchen auch wirklich Spa\u00df macht, kann man zum Probetauchen mit Tauchausr\u00fcstung ins Hallenbad kommen. <\/span><\/span><span style=\"font-family: Arial,sans-serif;\"><span style=\"font-size: medium;\">Hierzu ben\u00f6tigt man eine <\/span><\/span><span style=\"font-family: Arial,sans-serif;\"><span style=\"font-size: medium;\"><u>Selbsterkl\u00e4rung zum Gesundheitszustand<\/u><\/span><\/span><span style=\"font-family: Arial,sans-serif;\"><span style=\"font-size: medium;\">.<\/span><\/span> <span style=\"font-family: Arial,sans-serif;\"><span style=\"font-size: medium;\">Zu Beginn der Ausbildung im Freigew\u00e4sser ist dann \u00fcbrigens eine <\/span><\/span><a href=\"https:\/\/www.vdst.de\/mediathek\/downloads\/tauchtauglichkeit-mehr.html?menu1=41&amp;menu2=33\"><span style=\"font-family: Arial,sans-serif;\"><span style=\"font-size: medium;\"><u>tauchsport\u00e4rztliche Untersuchung<\/u><\/span><\/span><\/a><span style=\"font-family: Arial,sans-serif;\"><span style=\"font-size: medium;\"> unabdingbar. Diese Untersuchung wird von einem fachkundigen Arzt durchgef\u00fchrt. Menschen mit schlechtem k\u00f6rperlichen Allgemeinzustand, sowie Erkrankungen der Lunge oder des Herz- \/ Kreislaufsystems sind grunds\u00e4tzlich nur eingeschr\u00e4nkt tauchtauglich. N\u00e4heres hierzu wird der Arzt feststellen. <\/span><\/span> <span style=\"font-family: Arial,sans-serif;\"><span style=\"font-size: medium;\">Nach der Vorlage dieses \u00e4rztlichen Attestes oder einer Selbsterkl\u00e4rung zum Gesundheitszustand kann die Ausbildung im Schwimmbad beginnen. Neben den \u00fcblichen Badesachen sind als zus\u00e4tzliche Ausr\u00fcstungsgegenst\u00e4nde Flossen, Tauchermaske und Schnorchel (sogenannte ABC-Ausr\u00fcstung) erforderlich. Da diese Ausr\u00fcstung nahezu immer ben\u00f6tigt wird, ist es sinnvoll, sie selbst zu kaufen. Vor einem Kauf beraten wir gerne. <\/span><\/span><\/h3><h3><span style=\"font-family: Arial,sans-serif;\"><span style=\"font-size: medium;\"><strong>Nun beginnt die eigentliche Praxisausbildung im Schwimmbad.<\/strong> <\/span><\/span><\/h3><h3><span style=\"font-family: Arial,sans-serif;\"><span style=\"font-size: medium;\">Die Kursteilnehmer werden zur richtigen Benutzung der Flossen, Schnorchel und Tauchermaske angeleitet. Wenn nach einigen Trainingseinheiten bereits die Grundz\u00fcge des Flossenschwimmens und das Tauchen mit Maske und Schnorchel erlernt sind, schlie\u00dft sich die \u201eeigentliche\u201c Tauchausbildung mit Ger\u00e4t an.<\/span><\/span> <span style=\"font-family: Arial,sans-serif;\"><span style=\"font-size: medium;\">Die erforderlichen Ger\u00e4tschaften, wie Taucherflasche, Jacket und Lungenautomat werden vom Tauchclub Aquaman Ford Saarlouis f\u00fcr die Dauer der Ausbildung (Grundtauchschein) <\/span><\/span><span style=\"font-family: Arial,sans-serif;\"><span style=\"font-size: medium;\">kostenlos<\/span><\/span><span style=\"font-family: Arial,sans-serif;\"><span style=\"font-size: medium;\"> zur Verf\u00fcgung gestellt.<\/span><\/span> <span style=\"font-family: Arial,sans-serif;\"><span style=\"font-size: medium;\">Der Umgang mit den Tauchger\u00e4ten wird im 4 Meter tiefen Sprungbecken des Schwimmbades unter Anleitung erfahrener Tauchlehrer und \u00dcbungsleiter ge\u00fcbt.<\/span><\/span> <span style=\"font-family: Arial,sans-serif;\"><span style=\"font-size: medium;\">Die praktische Ausbildung erstreckt sich bei einer Trainingseinheit pro Woche bis zu 3 Monaten.<\/span><\/span> <span style=\"font-family: Arial,sans-serif;\"><span style=\"font-size: medium;\">In dieser Zeit muss allerdings auch noch die Tauchtheorie erlernt werden. Hierbei erf\u00e4hrt man etwas \u00fcber die Handhabung zus\u00e4tzlicher Ausr\u00fcstungsgegenst\u00e4nde, Gesetzm\u00e4\u00dfigkeiten unter Wasser sowie \u00fcber die Risiken und Gefahren beim Tauchen. Die theoretische Ausbildung nimmt ca. 8 Stunden in Anspruch und wird bei Bedarf in mehrere Einheiten aufgeteilt.<\/span><\/span> <span style=\"font-family: Arial,sans-serif;\"><span style=\"font-size: medium;\">Die Ausbildung endet mit der Pr\u00fcfung der Theorie und der erlernten Trainingseinheiten im Schwimmbad. Nach erfolgreichem Abschluss dieser Pr\u00fcfungen erh\u00e4lt der Pr\u00fcfling den <\/span><\/span><a href=\"https:\/\/www.german-diver-licence.de\/taucher\/\"><span style=\"font-family: Arial,sans-serif;\"><span style=\"font-size: medium;\"><b>Grundtauchschein<\/b><\/span><\/span><span style=\"font-family: Arial,sans-serif;\"><span style=\"font-size: medium;\">.<\/span><\/span><\/a><\/h3><h3><span style=\"font-family: Arial,sans-serif;\"><span style=\"font-size: medium;\"><strong>Der Grundtauchschein bildet die Basis f\u00fcr weitere taucherische Aktivit\u00e4ten. Der Taucher muss jetzt von Tauchlehrern im Freigew\u00e4sser ausgebildet werden.<\/strong><\/span><\/span><\/h3><h3><span style=\"font-family: Arial,sans-serif;\"><span style=\"font-size: medium;\">Zun\u00e4chst bieten sich hierzu klare Inlandseen an, idealerweise erfolgt die Ausbildung im klaren und warmen Gew\u00e4ssern. I<\/span><\/span><span style=\"font-family: Arial,sans-serif;\"><span style=\"font-size: medium;\">n unserer N\u00e4he gibt es geeignete Gew\u00e4sser, in denen wir das Tauchen lehren.<\/span><\/span> <span style=\"font-family: Arial,sans-serif;\"><span style=\"font-size: medium;\">Nach den ersten Freigew\u00e4ssertauchg\u00e4ngen werden die erforderlichen Pr\u00fcfungselemente der Praxis im Freigew\u00e4sser abgepr\u00fcft.<\/span><\/span> <span style=\"font-family: Arial,sans-serif;\"><span style=\"font-size: medium;\">Nach dem erfolgreichen Abschluss dieser Teile erh\u00e4lt man das weltweit g\u00fcltige Tauchsportbrevet <\/span><\/span><a href=\"https:\/\/www.german-diver-licence.de\/portfolio\/gdl-sports-diver\/\"><span style=\"font-family: Arial,sans-serif;\"><span style=\"font-size: medium;\"><b>DTSA <\/b><strong>*<\/strong><\/span><\/span><\/a><span style=\"font-family: Arial,sans-serif;\"><span style=\"font-size: medium;\"><strong> (Deutsches Tauchsportabzeichen Ein-Stern &#8211; Bronze)<\/strong>. Mit der Vorlage dieses Zertifikates ist der Inhaber berechtigt, nun weltweit an den Tauchbasen in Begleitung erfahrener Taucher dem Tauchsport nachzugehen.<\/span><\/span> <span style=\"font-family: Arial,sans-serif;\"><span style=\"font-size: medium;\">Hat der Taucher das Brevets DTSA* abgeschlossen, sollte er durch mehrere Tauchg\u00e4nge Erfahrung sammeln. Nach dem Nachweis weiterer 25 Tauchg\u00e4nge nach Abschluss DTSA *, sowie der Ausbildung in Sonderbrevets wie \u201eOrientierung unter Wasser\u201c und \u201eGruppenf\u00fchrung\u201c kann das n\u00e4chste Tauchbrevet <\/span><\/span><a href=\"https:\/\/www.german-diver-licence.de\/portfolio\/gdl-advanced-sports-diver\/\"><span style=\"font-family: Arial,sans-serif;\"><span style=\"font-size: medium;\"><b>DTSA <\/b><strong>**<\/strong><\/span><\/span><\/a><span style=\"font-family: Arial,sans-serif;\"><span style=\"font-size: medium;\"><strong> (Zwei Stern &#8211; Silber)<\/strong> abgelegt werden. Neben verschiedenen Praxisteilen bei Tauchg\u00e4ngen wird hierf\u00fcr weitergehende Theorie unterrichtet und abgepr\u00fcft.<\/span><\/span> <span style=\"font-family: Arial,sans-serif;\"><span style=\"font-size: medium;\">Absolviert der Taucher mindestens weitere 65 Tauchg\u00e4nge nach Abschluss DTSA ** und einige Spezialbrevets, gelangt er nach der Pr\u00fcfung in die h\u00f6chste Klasse der Brevets, das <\/span><\/span><a href=\"https:\/\/www.german-diver-licence.de\/portfolio\/gdl-dive-leader\/\"><span style=\"font-family: Arial,sans-serif;\"><span style=\"font-size: medium;\"><b>DTSA<\/b> <strong>***<\/strong><\/span><\/span><\/a><span style=\"font-family: Arial,sans-serif;\"><span style=\"font-size: medium;\"><strong> (Drei-Stern &#8211; Gold)<\/strong>. Taucher mit einem solchen Brevet zeichnen sich in der Regel durch eine gro\u00dfe Anzahl von Tauchg\u00e4ngen und langj\u00e4hriges Tauchen aus. <\/span><\/span> <span style=\"font-family: Arial,sans-serif;\"><span style=\"font-size: medium;\">Alle vorgenannten Brevets und zahlreiche <\/span><\/span><span style=\"font-family: Arial,sans-serif;\"><span style=\"font-size: medium;\">Sonderkurse bzw. Aufbaukurse<\/span><\/span><span style=\"font-family: Arial,sans-serif;\"><span style=\"font-size: medium;\">\u00a0werden in unserem Tauchclub angeboten. Eure Ausbilder sind anerkannte Tauchlehrer mit mehrj\u00e4hriger Erfahrung, die genau auf die Bed\u00fcrfnisse der einzelnen Taucher eingehen. <\/span><\/span><\/h3><blockquote><h3><span style=\"color: #000000;\"><strong><span style=\"font-family: Arial,sans-serif;\"><span style=\"font-size: medium;\">Kurz zusammengefasst: Warum im Verein tauchen lernen?<\/span><\/span><\/strong><\/span><\/h3><ul><li><h3><span style=\"font-family: Arial,sans-serif;\"><span style=\"font-size: medium;\">Bei uns lernt jeder das <span style=\"color: #000000;\">Tauchen<\/span> in seinem Tempo, in kleinen Gruppen, stressfrei und sicher.<\/span><\/span><\/h3><\/li><li><h3><span style=\"font-family: Arial,sans-serif;\"><span style=\"font-size: medium;\">Unsere anerkannten Tauchlehrer mit mehrj\u00e4hriger Erfahrung k\u00f6nnen zahlreiche Brevets und viele Sonderkurse anbieten.<\/span><\/span><\/h3><\/li><li><h3><span style=\"font-family: Arial,sans-serif;\"><span style=\"font-size: medium;\">Reinschnuppern ohne Risiko: Die Ausr\u00fcstung f\u00fcr die ersten Tauchversuche stellen wir kostenlos.<\/span><\/span><\/h3><\/li><li><h3><span style=\"font-family: Arial,sans-serif;\"><span style=\"font-size: medium;\">Mit einem Vereinseintritt beginnt die Zugeh\u00f6rigkeit zur <\/span><\/span><span style=\"font-family: Arial,sans-serif;\"><span style=\"font-size: medium;\">Tauchsportversicherung<\/span><\/span><span style=\"font-family: Arial,sans-serif;\"><span style=\"font-size: medium;\"> \u2013 weltweit.<\/span><\/span><\/h3><\/li><li><h3><span style=\"font-family: Arial,sans-serif;\"><span style=\"font-size: medium;\">Die Vereinskameraden stehen mit Rat und Tat zur Seite \u2013 bei uns ist man gleich Teil der Gemeinschaft.<\/span><\/span><\/h3><\/li><\/ul><\/blockquote><h3><span style=\"color: #000000;\"><strong><span style=\"font-family: Arial,sans-serif;\"><span style=\"font-size: medium;\">Und wer bringt mir nun das Tauchen bei? Nat\u00fcrlich unsere Tauchlehrer und \u00dcbungsleiter:<\/span><\/span><\/strong><\/span><\/h3><p><img fetchpriority=\"high\" decoding=\"async\" class=\"alignnone size-medium wp-image-774\" src=\"http:\/\/tc-aquaman.de\/wp-content\/uploads\/2022\/03\/Martin-Theis-edited-225x300.jpg\" alt=\"\" width=\"225\" height=\"300\" srcset=\"http:\/\/tc-aquaman.de\/wp-content\/uploads\/2022\/03\/Martin-Theis-edited-225x300.jpg 225w, http:\/\/tc-aquaman.de\/wp-content\/uploads\/2022\/03\/Martin-Theis-edited.jpg 583w\" sizes=\"(max-width: 225px) 100vw, 225px\" \/><\/p><h5><strong>Martin Theis, VDST TL 2, Ausbildungs<\/strong><strong>leiter<\/strong><\/h5><p><img decoding=\"async\" class=\"alignnone size-medium wp-image-257\" src=\"http:\/\/tc-aquaman.de\/wp-content\/uploads\/2017\/02\/wolfgang-225x300.jpg\" alt=\"\" width=\"225\" height=\"300\" srcset=\"http:\/\/tc-aquaman.de\/wp-content\/uploads\/2017\/02\/wolfgang-225x300.jpg 225w, http:\/\/tc-aquaman.de\/wp-content\/uploads\/2017\/02\/wolfgang.jpg 300w\" sizes=\"(max-width: 225px) 100vw, 225px\" \/><\/p><h3><span style=\"color: #000000;\"><strong><span style=\"font-family: Arial,sans-serif;\"><span style=\"font-size: medium;\">Wolfgang Motsch, VDST TL 2<\/span><\/span><\/strong><\/span><\/h3><h3><span style=\"color: #000000;\"><strong><span style=\"font-family: Arial,sans-serif;\"><span style=\"font-size: medium;\"><img decoding=\"async\" class=\"alignnone size-medium wp-image-260\" src=\"http:\/\/tc-aquaman.de\/wp-content\/uploads\/2017\/02\/christoph-225x300.jpg\" alt=\"\" width=\"225\" height=\"300\" srcset=\"http:\/\/tc-aquaman.de\/wp-content\/uploads\/2017\/02\/christoph-225x300.jpg 225w, http:\/\/tc-aquaman.de\/wp-content\/uploads\/2017\/02\/christoph.jpg 300w\" sizes=\"(max-width: 225px) 100vw, 225px\" \/><br \/><\/span><\/span><\/strong><\/span><\/h3><h3><span style=\"color: #000000;\"><strong><span style=\"font-family: Arial,sans-serif;\"><span style=\"font-size: medium;\">Christoph Allard, VDST TL 2<\/span><\/span><\/strong><\/span><\/h3><h3><span style=\"color: #000000;\"><strong><span style=\"font-family: Arial,sans-serif;\"><span style=\"font-size: medium;\"><img loading=\"lazy\" decoding=\"async\" class=\"alignnone size-medium wp-image-259\" src=\"http:\/\/tc-aquaman.de\/wp-content\/uploads\/2017\/02\/butsch-225x300.jpg\" alt=\"\" width=\"225\" height=\"300\" srcset=\"http:\/\/tc-aquaman.de\/wp-content\/uploads\/2017\/02\/butsch-225x300.jpg 225w, http:\/\/tc-aquaman.de\/wp-content\/uploads\/2017\/02\/butsch.jpg 300w\" sizes=\"(max-width: 225px) 100vw, 225px\" \/><br \/><\/span><\/span><\/strong><\/span><\/h3><h3><span style=\"color: #000000;\"><strong><span style=\"font-family: Arial,sans-serif;\"><span style=\"font-size: medium;\">Stephan &#8222;Butsch&#8220; Bohdjalian, DOSB \u00dcbungsleiter C<\/span><\/span><\/strong><\/span><\/h3><h3><span style=\"color: #000000;\"><strong><span style=\"font-family: Arial,sans-serif;\"><span style=\"font-size: medium;\">\u00a0<\/span><\/span><\/strong><\/span><\/h3><h3>\u00a0<\/h3>\t\t\t\t\t\t\t\t<\/div>\n\t\t\t\t<\/div>\n\t\t\t\t\t<\/div>\n\t\t<\/div>\n\t\t\t\t\t<\/div>\n\t\t<\/section>\n\t\t\t\t<\/div>\n\t\t","protected":false},"excerpt":{"rendered":"<p>Wie lerne ich tauchen? Unser Tauchsportclub Aquaman Ford Saarlouis e.V. ist ein guter Ausgangspunkt f\u00fcr eine gr\u00fcndliche und sichere Ausbildung im Tauchen. In unserem Verein, der auch Mitglied im Verband Deutscher Sporttaucher (VDST), einer der gro\u00dfen Tauchsportorganisationen in Deutschland ist, wird nach den weltweit anerkannten Richtlinien zum Sporttaucher ausgebildet. Der Einstieg zum Sporttauchen beginnt mit [&hellip;]<\/p>\n","protected":false},"author":1,"featured_media":0,"parent":48,"menu_order":1,"comment_status":"closed","ping_status":"closed","template":"","meta":{"footnotes":""},"class_list":["post-30","page","type-page","status-publish","hentry","post"],"_links":{"self":[{"href":"http:\/\/tc-aquaman.de\/index.php?rest_route=\/wp\/v2\/pages\/30","targetHints":{"allow":["GET"]}}],"collection":[{"href":"http:\/\/tc-aquaman.de\/index.php?rest_route=\/wp\/v2\/pages"}],"about":[{"href":"http:\/\/tc-aquaman.de\/index.php?rest_route=\/wp\/v2\/types\/page"}],"author":[{"embeddable":true,"href":"http:\/\/tc-aquaman.de\/index.php?rest_route=\/wp\/v2\/users\/1"}],"replies":[{"embeddable":true,"href":"http:\/\/tc-aquaman.de\/index.php?rest_route=%2Fwp%2Fv2%2Fcomments&post=30"}],"version-history":[{"count":56,"href":"http:\/\/tc-aquaman.de\/index.php?rest_route=\/wp\/v2\/pages\/30\/revisions"}],"predecessor-version":[{"id":1335,"href":"http:\/\/tc-aquaman.de\/index.php?rest_route=\/wp\/v2\/pages\/30\/revisions\/1335"}],"up":[{"embeddable":true,"href":"http:\/\/tc-aquaman.de\/index.php?rest_route=\/wp\/v2\/pages\/48"}],"wp:attachment":[{"href":"http:\/\/tc-aquaman.de\/index.php?rest_route=%2Fwp%2Fv2%2Fmedia&parent=30"}],"curies":[{"name":"wp","href":"https:\/\/api.w.org\/{rel}","templated":true}]}}