{"id":1351,"date":"2022-04-02T13:17:43","date_gmt":"2022-04-02T13:17:43","guid":{"rendered":"http:\/\/tc-aquaman.de\/?page_id=1351"},"modified":"2025-11-11T08:30:11","modified_gmt":"2025-11-11T08:30:11","slug":"links","status":"publish","type":"page","link":"https:\/\/tc-aquaman.de\/?page_id=1351","title":{"rendered":"Links"},"content":{"rendered":"\t\t<div data-elementor-type=\"wp-page\" data-elementor-id=\"1351\" class=\"elementor elementor-1351\">\n\t\t\t\t\t\t<section class=\"elementor-section elementor-top-section elementor-element elementor-element-6737a620 elementor-section-boxed elementor-section-height-default elementor-section-height-default\" data-id=\"6737a620\" data-element_type=\"section\" data-e-type=\"section\">\n\t\t\t\t\t\t<div class=\"elementor-container elementor-column-gap-default\">\n\t\t\t\t\t<div class=\"elementor-column elementor-col-100 elementor-top-column elementor-element elementor-element-33dcb986\" data-id=\"33dcb986\" data-element_type=\"column\" data-e-type=\"column\">\n\t\t\t<div class=\"elementor-widget-wrap elementor-element-populated\">\n\t\t\t\t\t\t<div class=\"elementor-element elementor-element-375b4d17 elementor-widget elementor-widget-text-editor\" data-id=\"375b4d17\" data-element_type=\"widget\" data-e-type=\"widget\" data-widget_type=\"text-editor.default\">\n\t\t\t\t<div class=\"elementor-widget-container\">\n\t\t\t\t\t\t\t\t\t<div>\n<div>\n<div>\n<div>\n<div data-index=\"0\">\n<div>\n<p><a href=\"https:\/\/www.stsb.de\/\">STSB Saarl\u00e4ndischer Tauchsportbund<\/a><\/p>\n<p><a href=\"https:\/\/www.vdst.de\/\">VDST<\/a><\/p>\n<p><a href=\"https:\/\/www.stsb.de\/fileadmin\/user_upload\/tauch-Brille_104_1_2025-Fruehling_2025.pdf\">Tauchbrille Fr\u00fchling 2025<\/a><\/p>\n<\/div>\n<\/div>\n<\/div>\n<\/div>\n<\/div>\n<\/div>\n<p><!-- \/wp:siteorigin-panels\/layout-block --><!-- wp:paragraph --><\/p>\n<p><!-- \/wp:paragraph --><\/p>\t\t\t\t\t\t\t\t<\/div>\n\t\t\t\t<\/div>\n\t\t\t\t\t<\/div>\n\t\t<\/div>\n\t\t\t\t\t<\/div>\n\t\t<\/section>\n\t\t\t\t<section class=\"elementor-section elementor-top-section elementor-element elementor-element-564a5d6 elementor-section-boxed elementor-section-height-default elementor-section-height-default\" data-id=\"564a5d6\" data-element_type=\"section\" data-e-type=\"section\">\n\t\t\t\t\t\t<div class=\"elementor-container elementor-column-gap-default\">\n\t\t\t\t\t<div class=\"elementor-column elementor-col-100 elementor-top-column elementor-element elementor-element-dcf190c\" data-id=\"dcf190c\" data-element_type=\"column\" data-e-type=\"column\">\n\t\t\t<div class=\"elementor-widget-wrap elementor-element-populated\">\n\t\t\t\t\t\t<div class=\"elementor-element elementor-element-d9d80ef elementor-widget elementor-widget-toggle\" data-id=\"d9d80ef\" data-element_type=\"widget\" data-e-type=\"widget\" data-widget_type=\"toggle.default\">\n\t\t\t\t<div class=\"elementor-widget-container\">\n\t\t\t\t\t\t\t<div class=\"elementor-toggle\">\n\t\t\t\t\t\t\t<div class=\"elementor-toggle-item\">\n\t\t\t\t\t<div id=\"elementor-tab-title-2281\" class=\"elementor-tab-title\" data-tab=\"1\" role=\"button\" aria-controls=\"elementor-tab-content-2281\" aria-expanded=\"false\">\n\t\t\t\t\t\t\t\t\t\t\t\t<span class=\"elementor-toggle-icon elementor-toggle-icon-left\" aria-hidden=\"true\">\n\t\t\t\t\t\t\t\t\t\t\t\t\t\t\t<span class=\"elementor-toggle-icon-closed\"><i class=\"fas fa-caret-right\"><\/i><\/span>\n\t\t\t\t\t\t\t\t<span class=\"elementor-toggle-icon-opened\"><i class=\"elementor-toggle-icon-opened fas fa-caret-up\"><\/i><\/span>\n\t\t\t\t\t\t\t\t\t\t\t\t\t<\/span>\n\t\t\t\t\t\t\t\t\t\t\t\t<a class=\"elementor-toggle-title\" tabindex=\"0\">Tauchbrille Archiv<\/a>\n\t\t\t\t\t<\/div>\n\n\t\t\t\t\t<div id=\"elementor-tab-content-2281\" class=\"elementor-tab-content elementor-clearfix\" data-tab=\"1\" role=\"region\" aria-labelledby=\"elementor-tab-title-2281\"><p><a href=\"https:\/\/www.stsb.de\/fileadmin\/user_upload\/Tauchbrille-PDF\/2022\/tauch-Brille_94_1_2022-Fruehling_2022.pdf\">Tauchbrille Fr\u00fchling 2022<\/a><\/p>\n<p><a href=\"https:\/\/www.stsb.de\/fileadmin\/user_upload\/Tauchbrille-PDF\/2022\/tauch-Brille_95_2_2022-Sommer_2022.pdf\">Tauchbrille Sommer 2022<\/a><\/p>\n<p><a href=\"https:\/\/www.stsb.de\/fileadmin\/user_upload\/Tauchbrille-PDF\/2022\/tauch-Brille_96_3_2022-Herbst_2022.pdf\">Tauchbrille Herbst 2022<\/a><\/p>\n<p><a href=\"https:\/\/www.stsb.de\/fileadmin\/user_upload\/Tauchbrille-PDF\/2022\/tauch-Brille_97_4_2022-Winter_2022.pdf\">Tauchbrille Winter 2022<\/a><\/p>\n<p><a href=\"https:\/\/www.stsb.de\/fileadmin\/user_upload\/Tauchbrille-PDF\/2023\/tauch-Brille_98_1_2023-Fruehling_2023.pdf\">Tauchbrille Fr\u00fchling 2023<\/a><\/p>\n<p><a href=\"https:\/\/www.stsb.de\/fileadmin\/user_upload\/tauch-Brille_99_2_2023-Sommer-Herbst_2023.pdf\">Tauchbrille Sommer-Herbst 2023<\/a><\/p>\n<p><a href=\"https:\/\/www.stsb.de\/fileadmin\/user_upload\/tauch-Brille_100_4_2023-Winter_2023.pdf\">Tauchbrille Winter 2023<\/a><\/p>\n<p><a href=\"https:\/\/www.stsb.de\/fileadmin\/user_upload\/Tauchbrille-PDF\/2024\/tauch-Brille_101_1_2024-Fruehling_2024.pdf\">Tauchbrille Fr\u00fchling 2024<\/a><\/p>\n<p><a href=\"https:\/\/www.stsb.de\/fileadmin\/user_upload\/tauch-Brille_102_2_2024-Sommer_2024.pdf\">Tauchbrille Sommer 2024<\/a><\/p>\n<p><a style=\"font-family: Roboto, sans-serif; font-size: 16px; font-style: normal; font-weight: 400; transition-property: all;\" href=\"https:\/\/www.stsb.de\/fileadmin\/user_upload\/tauch-Brille_103_3_2024-Herbst_Winter_2024.pdf\">Tauchbrille Herbst 2024<\/a><\/p><\/div>\n\t\t\t\t<\/div>\n\t\t\t\t\t\t\t\t<\/div>\n\t\t\t\t\t\t<\/div>\n\t\t\t\t<\/div>\n\t\t\t\t\t<\/div>\n\t\t<\/div>\n\t\t\t\t\t<\/div>\n\t\t<\/section>\n\t\t\t\t<\/div>\n\t\t","protected":false},"excerpt":{"rendered":"<p>STSB Saarl\u00e4ndischer Tauchsportbund VDST Tauchbrille Fr\u00fchling 2025 Tauchbrille Archiv Tauchbrille Fr\u00fchling 2022 Tauchbrille Sommer 2022 Tauchbrille Herbst 2022 Tauchbrille Winter 2022 Tauchbrille Fr\u00fchling 2023 Tauchbrille Sommer-Herbst 2023 Tauchbrille Winter 2023 Tauchbrille Fr\u00fchling 2024 Tauchbrille Sommer 2024 Tauchbrille Herbst 2024<\/p>\n","protected":false},"author":1,"featured_media":0,"parent":0,"menu_order":0,"comment_status":"closed","ping_status":"closed","template":"","meta":{"footnotes":""},"class_list":["post-1351","page","type-page","status-publish","hentry","post"],"_links":{"self":[{"href":"https:\/\/tc-aquaman.de\/index.php?rest_route=\/wp\/v2\/pages\/1351","targetHints":{"allow":["GET"]}}],"collection":[{"href":"https:\/\/tc-aquaman.de\/index.php?rest_route=\/wp\/v2\/pages"}],"about":[{"href":"https:\/\/tc-aquaman.de\/index.php?rest_route=\/wp\/v2\/types\/page"}],"author":[{"embeddable":true,"href":"https:\/\/tc-aquaman.de\/index.php?rest_route=\/wp\/v2\/users\/1"}],"replies":[{"embeddable":true,"href":"https:\/\/tc-aquaman.de\/index.php?rest_route=%2Fwp%2Fv2%2Fcomments&post=1351"}],"version-history":[{"count":39,"href":"https:\/\/tc-aquaman.de\/index.php?rest_route=\/wp\/v2\/pages\/1351\/revisions"}],"predecessor-version":[{"id":2553,"href":"https:\/\/tc-aquaman.de\/index.php?rest_route=\/wp\/v2\/pages\/1351\/revisions\/2553"}],"wp:attachment":[{"href":"https:\/\/tc-aquaman.de\/index.php?rest_route=%2Fwp%2Fv2%2Fmedia&parent=1351"}],"curies":[{"name":"wp","href":"https:\/\/api.w.org\/{rel}","templated":true}]}}