{"id":142,"date":"2017-02-03T19:01:10","date_gmt":"2017-02-03T19:01:10","guid":{"rendered":"http:\/\/tc-aquaman.de\/?page_id=142"},"modified":"2022-04-01T22:48:21","modified_gmt":"2022-04-01T22:48:21","slug":"fachbereich-technik","status":"publish","type":"page","link":"https:\/\/tc-aquaman.de\/?page_id=142","title":{"rendered":"Fachbereich Technik"},"content":{"rendered":"\t\t<div data-elementor-type=\"wp-page\" data-elementor-id=\"142\" class=\"elementor elementor-142\">\n\t\t\t\t\t\t<section class=\"elementor-section elementor-top-section elementor-element elementor-element-41e55e5d elementor-section-boxed elementor-section-height-default elementor-section-height-default\" data-id=\"41e55e5d\" data-element_type=\"section\" data-e-type=\"section\">\n\t\t\t\t\t\t<div class=\"elementor-container elementor-column-gap-default\">\n\t\t\t\t\t<div class=\"elementor-column elementor-col-100 elementor-top-column elementor-element elementor-element-33890c38\" data-id=\"33890c38\" data-element_type=\"column\" data-e-type=\"column\">\n\t\t\t<div class=\"elementor-widget-wrap elementor-element-populated\">\n\t\t\t\t\t\t<div class=\"elementor-element elementor-element-a8522ad elementor-widget elementor-widget-heading\" data-id=\"a8522ad\" data-element_type=\"widget\" data-e-type=\"widget\" data-widget_type=\"heading.default\">\n\t\t\t\t<div class=\"elementor-widget-container\">\n\t\t\t\t\t<h2 class=\"elementor-heading-title elementor-size-large\">Fachbereich Technik<\/h2>\t\t\t\t<\/div>\n\t\t\t\t<\/div>\n\t\t\t\t<div class=\"elementor-element elementor-element-f6bb7f4 elementor-widget elementor-widget-spacer\" data-id=\"f6bb7f4\" data-element_type=\"widget\" data-e-type=\"widget\" data-widget_type=\"spacer.default\">\n\t\t\t\t<div class=\"elementor-widget-container\">\n\t\t\t\t\t\t\t<div class=\"elementor-spacer\">\n\t\t\t<div class=\"elementor-spacer-inner\"><\/div>\n\t\t<\/div>\n\t\t\t\t\t\t<\/div>\n\t\t\t\t<\/div>\n\t\t\t\t<div class=\"elementor-element elementor-element-91c5683 elementor-widget elementor-widget-image\" data-id=\"91c5683\" data-element_type=\"widget\" data-e-type=\"widget\" data-widget_type=\"image.default\">\n\t\t\t\t<div class=\"elementor-widget-container\">\n\t\t\t\t\t\t\t\t\t\t\t\t\t\t\t<img fetchpriority=\"high\" decoding=\"async\" width=\"720\" height=\"480\" src=\"https:\/\/tc-aquaman.de\/wp-content\/uploads\/2017\/02\/diving-1682250-1024x683.jpg\" class=\"attachment-large size-large wp-image-32\" alt=\"\" srcset=\"https:\/\/tc-aquaman.de\/wp-content\/uploads\/2017\/02\/diving-1682250-1024x683.jpg 1024w, https:\/\/tc-aquaman.de\/wp-content\/uploads\/2017\/02\/diving-1682250-300x200.jpg 300w, https:\/\/tc-aquaman.de\/wp-content\/uploads\/2017\/02\/diving-1682250-768x512.jpg 768w, https:\/\/tc-aquaman.de\/wp-content\/uploads\/2017\/02\/diving-1682250-900x600.jpg 900w, https:\/\/tc-aquaman.de\/wp-content\/uploads\/2017\/02\/diving-1682250-1280x853.jpg 1280w, https:\/\/tc-aquaman.de\/wp-content\/uploads\/2017\/02\/diving-1682250-e1487677455417.jpg 2000w\" sizes=\"(max-width: 720px) 100vw, 720px\" \/>\t\t\t\t\t\t\t\t\t\t\t\t\t\t\t<\/div>\n\t\t\t\t<\/div>\n\t\t\t\t<div class=\"elementor-element elementor-element-2880cb20 elementor-widget elementor-widget-text-editor\" data-id=\"2880cb20\" data-element_type=\"widget\" data-e-type=\"widget\" data-widget_type=\"text-editor.default\">\n\t\t\t\t<div class=\"elementor-widget-container\">\n\t\t\t\t\t\t\t\t\t<!-- meta slider -->\n<h4>Der TC Aquaman verf\u00fcgt \u00fcber umfangreiches Tauchmaterial. Vereinsmitglieder k\u00f6nnen &#8211; vom Blei bis zur kompletten Tauchausr\u00fcstung &#8211; alles ausleihen. W\u00e4hrend der Ausbildung zum Grundtauchschein stellen wir das n\u00f6tige Material gratis zur Verf\u00fcgung, auch f\u00fcr ein Probetauchen bei uns statten wir euch vollst\u00e4ndig aus. Nat\u00fcrlich wird unsere Leihausr\u00fcstung regelm\u00e4\u00dfig gepr\u00fcft und entspricht den allgemeinen Standards zur Tauchsicherheit.<\/h4>\n<h4>An dem vereinseigenen Bauerkompressor k\u00f6nnen bis zu sieben Drucklufttauchger\u00e4te gleichzeitig gef\u00fcllt werden. F\u00fcr Mitglieder ist das F\u00fcllen kostenlos. Bitte beachtet, dass wir &#8211; zu eurer und unserer Sicherheit &#8211; nur Tauchger\u00e4te mit g\u00fcltigem T\u00dcV-Stempel f\u00fcllen.<\/h4>\n<h4>Der Verleih findet \u00fcblicherweise donnerstags nach dem Training statt. Andere Termine sind individuell mit dem Ger\u00e4tewart oder Tauchausbilder zu vereinbaren.<\/h4>\n<h4>F\u00fcr Fragen steht euch jederzeit unser Technikwart Christoph zur Verf\u00fcgung, im Training, im Taucherheim oder unter <a href=\"mailto:christoph.allard@tc-aquaman.de\">christoph.allard@tc-aquaman.de<\/a>.<\/h4>\n&nbsp;\n\n&nbsp;\t\t\t\t\t\t\t\t<\/div>\n\t\t\t\t<\/div>\n\t\t\t\t\t<\/div>\n\t\t<\/div>\n\t\t\t\t\t<\/div>\n\t\t<\/section>\n\t\t\t\t<\/div>\n\t\t","protected":false},"excerpt":{"rendered":"<p>Fachbereich Technik Der TC Aquaman verf\u00fcgt \u00fcber umfangreiches Tauchmaterial. Vereinsmitglieder k\u00f6nnen &#8211; vom Blei bis zur kompletten Tauchausr\u00fcstung &#8211; alles ausleihen. W\u00e4hrend der Ausbildung zum Grundtauchschein stellen wir das n\u00f6tige Material gratis zur Verf\u00fcgung, auch f\u00fcr ein Probetauchen bei uns statten wir euch vollst\u00e4ndig aus. Nat\u00fcrlich wird unsere Leihausr\u00fcstung regelm\u00e4\u00dfig gepr\u00fcft und entspricht den allgemeinen [&hellip;]<\/p>\n","protected":false},"author":1,"featured_media":0,"parent":48,"menu_order":0,"comment_status":"closed","ping_status":"closed","template":"","meta":{"footnotes":""},"class_list":["post-142","page","type-page","status-publish","hentry","post"],"_links":{"self":[{"href":"https:\/\/tc-aquaman.de\/index.php?rest_route=\/wp\/v2\/pages\/142","targetHints":{"allow":["GET"]}}],"collection":[{"href":"https:\/\/tc-aquaman.de\/index.php?rest_route=\/wp\/v2\/pages"}],"about":[{"href":"https:\/\/tc-aquaman.de\/index.php?rest_route=\/wp\/v2\/types\/page"}],"author":[{"embeddable":true,"href":"https:\/\/tc-aquaman.de\/index.php?rest_route=\/wp\/v2\/users\/1"}],"replies":[{"embeddable":true,"href":"https:\/\/tc-aquaman.de\/index.php?rest_route=%2Fwp%2Fv2%2Fcomments&post=142"}],"version-history":[{"count":23,"href":"https:\/\/tc-aquaman.de\/index.php?rest_route=\/wp\/v2\/pages\/142\/revisions"}],"predecessor-version":[{"id":1278,"href":"https:\/\/tc-aquaman.de\/index.php?rest_route=\/wp\/v2\/pages\/142\/revisions\/1278"}],"up":[{"embeddable":true,"href":"https:\/\/tc-aquaman.de\/index.php?rest_route=\/wp\/v2\/pages\/48"}],"wp:attachment":[{"href":"https:\/\/tc-aquaman.de\/index.php?rest_route=%2Fwp%2Fv2%2Fmedia&parent=142"}],"curies":[{"name":"wp","href":"https:\/\/api.w.org\/{rel}","templated":true}]}}