{"id":151,"date":"2017-02-03T19:20:41","date_gmt":"2017-02-03T19:20:41","guid":{"rendered":"http:\/\/tc-aquaman.de\/?page_id=151"},"modified":"2022-04-02T09:53:04","modified_gmt":"2022-04-02T09:53:04","slug":"fachbereich-jugend","status":"publish","type":"page","link":"https:\/\/tc-aquaman.de\/?page_id=151","title":{"rendered":"Fachbereich Jugend"},"content":{"rendered":"\t\t<div data-elementor-type=\"wp-page\" data-elementor-id=\"151\" class=\"elementor elementor-151\">\n\t\t\t\t\t\t<section class=\"elementor-section elementor-top-section elementor-element elementor-element-32c0f3cd elementor-section-boxed elementor-section-height-default elementor-section-height-default\" data-id=\"32c0f3cd\" data-element_type=\"section\" data-e-type=\"section\">\n\t\t\t\t\t\t<div class=\"elementor-container elementor-column-gap-default\">\n\t\t\t\t\t<div class=\"elementor-column elementor-col-100 elementor-top-column elementor-element elementor-element-75ee794b\" data-id=\"75ee794b\" data-element_type=\"column\" data-e-type=\"column\">\n\t\t\t<div class=\"elementor-widget-wrap elementor-element-populated\">\n\t\t\t\t\t\t<div class=\"elementor-element elementor-element-b0ebbdc elementor-widget elementor-widget-text-editor\" data-id=\"b0ebbdc\" data-element_type=\"widget\" data-e-type=\"widget\" data-widget_type=\"text-editor.default\">\n\t\t\t\t<div class=\"elementor-widget-container\">\n\t\t\t\t\t\t\t\t\t<h4 style=\"font-variant-ligatures: normal; font-variant-caps: normal; font-family: Roboto, sans-serif; font-style: normal;\">Die Jugendabteilung des TCA hat sich zur Aufgabe gemacht, interessierten Jugendlichen die Faszination des Tauchens n\u00e4her zu bringen.<\/h4><h4 style=\"font-variant-ligatures: normal; font-variant-caps: normal; font-family: Roboto, sans-serif; font-style: normal;\">Der TCA bietet Dir die M\u00f6glichkeit, den Tauchsport von Grund auf zu erlernen. Was Du an Ausr\u00fcstung zum Tauchen brauchst (Flossen, Tauchbrille, Schnorchel usw.) wird von uns zur Verf\u00fcgung gestellt.<\/h4><h4 style=\"font-variant-ligatures: normal; font-variant-caps: normal; font-family: Roboto, sans-serif; font-style: normal;\"><span style=\"font-size: 17px; font-weight: 600;\">Einige Voraussetzungen musst Du aber mitbringen, um das Tauchen zu erlernen:<\/span><\/h4><ul style=\"font-variant-ligatures: normal; font-variant-caps: normal; font-family: Roboto, sans-serif; font-size: 14px; font-style: normal; font-weight: 400;\"><li style=\"font-size: 14px;\"><h4>Du solltest mindestens 12 Jahre alt sein,<\/h4><\/li><li style=\"font-size: 14px;\"><h4>gut schwimmen k\u00f6nnen,<\/h4><\/li><li style=\"font-size: 14px;\"><h4>eine sport\u00e4rztliche Untersuchung durchf\u00fchren lassen und<\/h4><\/li><li style=\"font-size: 14px;\"><h4>die Einverst\u00e4ndniserkl\u00e4rung Deiner Eltern mitbringen.<\/h4><\/li><\/ul><h4 style=\"font-variant-ligatures: normal; font-variant-caps: normal; font-family: Roboto, sans-serif; font-style: normal;\" align=\"LEFT\">Wenn Du diese Voraussetzungen erf\u00fcllst, kannst Du bei uns vom Schnorcheln bis zum Ger\u00e4tetauchen alles erlernen.<\/h4><h4 style=\"font-variant-ligatures: normal; font-variant-caps: normal; font-family: Roboto, sans-serif; font-style: normal;\">Tauchlehrer und \u00dcbungsleiter zeigen Dir, wie man sicher und verantwortungsvoll den Tauchsport aus\u00fcbt, wie wichtig aber auch Umwelt und Naturschutz f\u00fcr den Taucher sind. Wir geben Dir einen Einblick in den Lebensraum unter Wasser und Du wirst sp\u00e4testens dann sehen, warum Tauchen so faszinierend sein kann.<\/h4><h4 style=\"font-variant-ligatures: normal; font-variant-caps: normal; font-family: Roboto, sans-serif; font-style: normal;\">Sollten wir Dich jetzt neugierig gemacht haben, dann schau mal rein ins Training des TC Aquaman.<\/h4><h4 style=\"font-variant-ligatures: normal; font-variant-caps: normal; font-family: Roboto, sans-serif; font-style: normal;\">\u00dcbrigens, au\u00dfer Schwimmen und Tauchen gibt es bei uns nat\u00fcrlich auch andere Aktivit\u00e4ten. Diese beginnen mit A wie Ausflug und enden bei Z wie Zeltlager.<\/h4><h4 style=\"font-variant-ligatures: normal; font-variant-caps: normal; font-family: Roboto, sans-serif; font-style: normal;\">Dein Ansprechpartner ist unser Jugendwart Stephan &#8222;Butsch&#8220; Bohdjalian, ihn erreicht ihr unter\u00a0<a style=\"font-size: 17px;\" href=\"mailto:stephan.bohdjalian@tc-aquaman.de\">stephan.bohdjalian@tc-aquaman.de<\/a>.<\/h4>\t\t\t\t\t\t\t\t<\/div>\n\t\t\t\t<\/div>\n\t\t\t\t\t<\/div>\n\t\t<\/div>\n\t\t\t\t\t<\/div>\n\t\t<\/section>\n\t\t\t\t<\/div>\n\t\t","protected":false},"excerpt":{"rendered":"<p>Die Jugendabteilung des TCA hat sich zur Aufgabe gemacht, interessierten Jugendlichen die Faszination des Tauchens n\u00e4her zu bringen. Der TCA bietet Dir die M\u00f6glichkeit, den Tauchsport von Grund auf zu erlernen. Was Du an Ausr\u00fcstung zum Tauchen brauchst (Flossen, Tauchbrille, Schnorchel usw.) wird von uns zur Verf\u00fcgung gestellt. Einige Voraussetzungen musst Du aber mitbringen, um [&hellip;]<\/p>\n","protected":false},"author":1,"featured_media":0,"parent":48,"menu_order":0,"comment_status":"closed","ping_status":"closed","template":"","meta":{"footnotes":""},"class_list":["post-151","page","type-page","status-publish","hentry","post"],"_links":{"self":[{"href":"https:\/\/tc-aquaman.de\/index.php?rest_route=\/wp\/v2\/pages\/151","targetHints":{"allow":["GET"]}}],"collection":[{"href":"https:\/\/tc-aquaman.de\/index.php?rest_route=\/wp\/v2\/pages"}],"about":[{"href":"https:\/\/tc-aquaman.de\/index.php?rest_route=\/wp\/v2\/types\/page"}],"author":[{"embeddable":true,"href":"https:\/\/tc-aquaman.de\/index.php?rest_route=\/wp\/v2\/users\/1"}],"replies":[{"embeddable":true,"href":"https:\/\/tc-aquaman.de\/index.php?rest_route=%2Fwp%2Fv2%2Fcomments&post=151"}],"version-history":[{"count":26,"href":"https:\/\/tc-aquaman.de\/index.php?rest_route=\/wp\/v2\/pages\/151\/revisions"}],"predecessor-version":[{"id":1338,"href":"https:\/\/tc-aquaman.de\/index.php?rest_route=\/wp\/v2\/pages\/151\/revisions\/1338"}],"up":[{"embeddable":true,"href":"https:\/\/tc-aquaman.de\/index.php?rest_route=\/wp\/v2\/pages\/48"}],"wp:attachment":[{"href":"https:\/\/tc-aquaman.de\/index.php?rest_route=%2Fwp%2Fv2%2Fmedia&parent=151"}],"curies":[{"name":"wp","href":"https:\/\/api.w.org\/{rel}","templated":true}]}}