{"id":50,"date":"2017-02-01T22:17:40","date_gmt":"2017-02-01T22:17:40","guid":{"rendered":"http:\/\/tc-aquaman.de\/?page_id=50"},"modified":"2024-12-02T15:19:29","modified_gmt":"2024-12-02T15:19:29","slug":"downloads","status":"publish","type":"page","link":"https:\/\/tc-aquaman.de\/?page_id=50","title":{"rendered":"Downloads"},"content":{"rendered":"\t\t<div data-elementor-type=\"wp-page\" data-elementor-id=\"50\" class=\"elementor elementor-50\">\n\t\t\t\t\t\t<section class=\"elementor-section elementor-top-section elementor-element elementor-element-59cca94e elementor-section-boxed elementor-section-height-default elementor-section-height-default\" data-id=\"59cca94e\" data-element_type=\"section\" data-e-type=\"section\">\n\t\t\t\t\t\t<div class=\"elementor-container elementor-column-gap-default\">\n\t\t\t\t\t<div class=\"elementor-column elementor-col-100 elementor-top-column elementor-element elementor-element-1d02fb4b\" data-id=\"1d02fb4b\" data-element_type=\"column\" data-e-type=\"column\">\n\t\t\t<div class=\"elementor-widget-wrap elementor-element-populated\">\n\t\t\t\t\t\t<div class=\"elementor-element elementor-element-3a1d571f elementor-widget elementor-widget-text-editor\" data-id=\"3a1d571f\" data-element_type=\"widget\" data-e-type=\"widget\" data-widget_type=\"text-editor.default\">\n\t\t\t\t<div class=\"elementor-widget-container\">\n\t\t\t\t\t\t\t\t\t<h3>&#8230; hier findet ihr Wissenswertes zum Download &#8230;<\/h3>\n<p><a href=\"http:\/\/tc-aquaman.de\/wp-content\/uploads\/2017\/02\/satzung_tca.pdf\">Unsere Satzung<\/a><\/p>\n<p><a href=\"http:\/\/tc-aquaman.de\/wp-content\/uploads\/2024\/12\/Infoblatt-01-251.pdf\">Unser Infoblatt<\/a><\/p>\n<p><a href=\"http:\/\/tc-aquaman.de\/wp-content\/uploads\/2018\/04\/Jugendordnung-TCA-2017-Entwurf.pdf\">Unsere Jugendordnung<\/a><\/p>\n<p><a href=\"http:\/\/tc-aquaman.de\/wp-content\/uploads\/2024\/12\/Einsatznachweis-TCA.pdf\">Einsatznachweis TCA<\/a><\/p>\n<p><a href=\"http:\/\/tc-aquaman.de\/wp-content\/uploads\/2024\/12\/Aufnahmeantrag-TCA.pdf\">Aufnahmeantrag-TCA<\/a><\/p>\n<p><a href=\"http:\/\/tc-aquaman.de\/wp-content\/uploads\/2024\/12\/SEPA-Basislastschrift.pdf\">Erm\u00e4chtigung SEPA-Basislastschrift<\/a><\/p>\n<p><a href=\"http:\/\/tc-aquaman.de\/wp-content\/uploads\/2023\/04\/Graviere-Erfassungsbogen.pdf\">Graviere Erfassungsbogen<\/a><\/p>\n<p><a href=\"http:\/\/tc-aquaman.de\/wp-content\/uploads\/2023\/04\/Graviere-Abrechnungsbogen.pdf\">Graviere Abrechnungsbogen<\/a><\/p>\n<p>Immer empfehlen wir einen Blick auf die <a href=\"https:\/\/www.vdst.de\/\">Homepage des VDST<\/a> (Verband Deutscher Sporttaucher &#8211; Downloadbereich), nach dessen Richtlinien wir ausbilden. Hier k\u00f6nnt ihr euch informieren, was f\u00fcr die verschiedenen Brevets zu leisten ist und welche Voraussetzungen ihr zum Tauchen mitbringen m\u00fcsst. Bei R\u00fcckfragen stehen wir euch nat\u00fcrlich jederzeit unter <a href=\"mailto:info@tc-aquaman.de\">info@tc-aquaman.de<\/a> zur Verf\u00fcgung (oder schreibt an das Vorstandsmitglied, das f\u00fcr den jeweiligen Bereich zust\u00e4ndig ist).<\/p>\n<p><\/p>\n<p><\/p>\t\t\t\t\t\t\t\t<\/div>\n\t\t\t\t<\/div>\n\t\t\t\t\t<\/div>\n\t\t<\/div>\n\t\t\t\t\t<\/div>\n\t\t<\/section>\n\t\t\t\t<\/div>\n\t\t","protected":false},"excerpt":{"rendered":"<p>&#8230; hier findet ihr Wissenswertes zum Download &#8230; Unsere Satzung Unser Infoblatt Unsere Jugendordnung Einsatznachweis TCA Aufnahmeantrag-TCA Erm\u00e4chtigung SEPA-Basislastschrift Graviere Erfassungsbogen Graviere Abrechnungsbogen Immer empfehlen wir einen Blick auf die Homepage des VDST (Verband Deutscher Sporttaucher &#8211; Downloadbereich), nach dessen Richtlinien wir ausbilden. Hier k\u00f6nnt ihr euch informieren, was f\u00fcr die verschiedenen Brevets zu leisten [&hellip;]<\/p>\n","protected":false},"author":1,"featured_media":0,"parent":0,"menu_order":0,"comment_status":"closed","ping_status":"closed","template":"","meta":{"footnotes":""},"class_list":["post-50","page","type-page","status-publish","hentry","post"],"_links":{"self":[{"href":"https:\/\/tc-aquaman.de\/index.php?rest_route=\/wp\/v2\/pages\/50","targetHints":{"allow":["GET"]}}],"collection":[{"href":"https:\/\/tc-aquaman.de\/index.php?rest_route=\/wp\/v2\/pages"}],"about":[{"href":"https:\/\/tc-aquaman.de\/index.php?rest_route=\/wp\/v2\/types\/page"}],"author":[{"embeddable":true,"href":"https:\/\/tc-aquaman.de\/index.php?rest_route=\/wp\/v2\/users\/1"}],"replies":[{"embeddable":true,"href":"https:\/\/tc-aquaman.de\/index.php?rest_route=%2Fwp%2Fv2%2Fcomments&post=50"}],"version-history":[{"count":35,"href":"https:\/\/tc-aquaman.de\/index.php?rest_route=\/wp\/v2\/pages\/50\/revisions"}],"predecessor-version":[{"id":2438,"href":"https:\/\/tc-aquaman.de\/index.php?rest_route=\/wp\/v2\/pages\/50\/revisions\/2438"}],"wp:attachment":[{"href":"https:\/\/tc-aquaman.de\/index.php?rest_route=%2Fwp%2Fv2%2Fmedia&parent=50"}],"curies":[{"name":"wp","href":"https:\/\/api.w.org\/{rel}","templated":true}]}}